{"id":1377,"date":"2014-07-08T15:21:02","date_gmt":"2014-07-08T15:21:02","guid":{"rendered":"https:\/\/agencebridgetdechene.com\/contact-2\/"},"modified":"2023-01-31T15:05:16","modified_gmt":"2023-01-31T15:05:16","slug":"contact","status":"publish","type":"page","link":"https:\/\/agencebridgetdechene.com\/en\/contact\/","title":{"rendered":"Contact"},"content":{"rendered":"<h1>Agence Bridget Dechene Inc.<\/h1>\n<p>CP 48673<\/p>\n<p>Outremont CP Van Horne, QC<\/p>\n<p>H2V 4T3<\/p>\n<p><a href=\"mailto:info@agencebridgetdechene.com\">info@agencebridgetdechene.com<\/a><\/p>\n<p><a href=\"tel:5143749686\">514-374-9686<\/a><\/p>\n<div class=\"contact-form formatted-form\"><div id=\"themex_form_message\"><\/div><form name=\"themex_form\" id=\"themex_form\"><div class=\"one-half column \"><div class=\"field-wrapper\"><div class=\"themex_option text  \"><input type=\"text\" id=\"53bc0c2806a8d\" name=\"53bc0c2806a8d\" value=\"\" data-validation=\"text\" placeholder=\"Votre nom\"  \/><div class=\"clear\"><\/div><\/div><\/div><\/div><div class=\"one-half column last\"><div class=\"field-wrapper\"><div class=\"themex_option text  \"><input type=\"text\" id=\"53c1c17e83da1\" name=\"53c1c17e83da1\" value=\"\" data-validation=\"email\" placeholder=\"Votre courriel\"  \/><div class=\"clear\"><\/div><\/div><\/div><\/div><div class=\"one-half column \"><div class=\"field-wrapper\"><div class=\"themex_option text  \"><input type=\"text\" id=\"53c1c17d8f1a0\" name=\"53c1c17d8f1a0\" value=\"\" data-validation=\"number\" placeholder=\"Votre num\u00e9ro de t\u00e9l\u00e9phone\"  \/><div class=\"clear\"><\/div><\/div><\/div><\/div><div class=\"field-wrapper\"><div class=\"themex_option textarea  \"><textarea id=\"53c1c1957a9e3\" name=\"53c1c1957a9e3\" data-validation=\"message\" placeholder=\"Votre message\" ><\/textarea><div class=\"clear\"><\/div><\/div><\/div><div class=\"clear\"><\/div><div class=\"submit button\"><span>Send Message<\/span><\/div><div class=\"formatted-form-loader\"><\/div><\/form><\/div>\n<p><strong>NOTICE:<\/strong> given the many requests for representation that we receive, we may not be able to respond to all of them. Consequently, only those selected will be contacted. Thank you for your understanding.<\/p>\n","protected":false},"excerpt":{"rendered":"<p>Agence Bridget Dechene Inc. CP 48673 Outremont CP Van Horne, QC H2V 4T3 info@agencebridgetdechene.com 514-374-9686 NOTICE: given the many requests for representation that we receive, we may not be able to respond to all of them. Consequently, only those selected will be contacted. Thank you for your understanding.<\/p>\n","protected":false},"author":1,"featured_media":0,"parent":0,"menu_order":0,"comment_status":"open","ping_status":"open","template":"","meta":{"_acf_changed":false,"footnotes":""},"class_list":["post-1377","page","type-page","status-publish","hentry"],"acf":[],"_links":{"self":[{"href":"https:\/\/agencebridgetdechene.com\/en\/wp-json\/wp\/v2\/pages\/1377","targetHints":{"allow":["GET"]}}],"collection":[{"href":"https:\/\/agencebridgetdechene.com\/en\/wp-json\/wp\/v2\/pages"}],"about":[{"href":"https:\/\/agencebridgetdechene.com\/en\/wp-json\/wp\/v2\/types\/page"}],"author":[{"embeddable":true,"href":"https:\/\/agencebridgetdechene.com\/en\/wp-json\/wp\/v2\/users\/1"}],"replies":[{"embeddable":true,"href":"https:\/\/agencebridgetdechene.com\/en\/wp-json\/wp\/v2\/comments?post=1377"}],"version-history":[{"count":13,"href":"https:\/\/agencebridgetdechene.com\/en\/wp-json\/wp\/v2\/pages\/1377\/revisions"}],"predecessor-version":[{"id":28493,"href":"https:\/\/agencebridgetdechene.com\/en\/wp-json\/wp\/v2\/pages\/1377\/revisions\/28493"}],"wp:attachment":[{"href":"https:\/\/agencebridgetdechene.com\/en\/wp-json\/wp\/v2\/media?parent=1377"}],"curies":[{"name":"wp","href":"https:\/\/api.w.org\/{rel}","templated":true}]}}