{"id":29319,"date":"2024-01-03T16:37:46","date_gmt":"2024-01-03T16:37:46","guid":{"rendered":"https:\/\/agencebridgetdechene.com\/politique-de-confidentialite\/"},"modified":"2024-07-29T17:36:06","modified_gmt":"2024-07-29T17:36:06","slug":"politique-de-confidentialite","status":"publish","type":"page","link":"https:\/\/agencebridgetdechene.com\/en\/politique-de-confidentialite\/","title":{"rendered":"Politique de confidentialit\u00e9"},"content":{"rendered":"\n<h2 class=\"wp-block-heading\">Qui sommes-nous&nbsp;<\/h2>\n\n\n\n<p>L&#8217;adresse de notre site web est : https:\/\/agencebridgetdechene.com\/&nbsp;<\/p>\n\n\n\n<h2 class=\"wp-block-heading\">Collecte des renseignements personnels&nbsp;<\/h2>\n\n\n\n<h3 class=\"wp-block-heading\">Renseignements personnels recueillis&nbsp;<\/h3>\n\n\n\n<p>Afin de b\u00e9n\u00e9ficier des services personnalis\u00e9s de Agence Bridget Dechene Inc.&nbsp;accessibles sur les Plateformes num\u00e9riques, vous devez nous fournir certains&nbsp;renseignements qui serviront \u00e0 vous identifier et \u00e0 confirmer votre identit\u00e9, sans quoi nous ne sommes pas en mesure de vous offrir les services en question. Nous recueillons \u00e9galement des renseignements personnels afin de vous offrir certains services.&nbsp;<\/p>\n\n\n\n<h2 class=\"wp-block-heading\">Quels types de renseignements personnels recueillez-vous et pourquoi ?&nbsp;<\/h2>\n\n\n\n<p>Nous recueillons et utilisons vos renseignements personnels afin de nous acquitter de la mission qui nous est confi\u00e9e, notamment pour :&nbsp;<\/p>\n\n\n\n<ul class=\"wp-block-list\">\n<li>communiquer avec vous ;&nbsp;<\/li>\n\n\n\n<li>traiter votre candidature aux postes que nous affichons ;&nbsp;<\/li>\n\n\n\n<li>vous fournir les services usuels de Agence Bridget Dechene Inc. ;&nbsp;<\/li>\n\n\n\n<li>assurer en permanence l\u2019efficacit\u00e9 et la qualit\u00e9 de nos processus d\u2019affaires ;&nbsp;<\/li>\n\n\n\n<li>comprendre votre exp\u00e9rience comme client ou candidat afin de faire en sorte&nbsp;qu\u2019elle soit positive pour vous ;&nbsp;<\/li>\n\n\n\n<li>offrir des informations et des contenus utiles pour vous et promouvoir nos services et nos programmes.&nbsp;<\/li>\n<\/ul>\n\n\n\n<p>Nous recueillons uniquement les renseignements personnels qui sont n\u00e9cessaires aux fins vis\u00e9es.&nbsp;<\/p>\n\n\n\n<p>De plus, lorsque nous recueillons vos renseignements personnels, nous pr\u00e9cisons les utilisations envisag\u00e9es. Par exemple, vous pouvez lire la page Conditions d\u2019utilisation et confidentialit\u00e9 de notre site Web pour en savoir davantage sur le type de renseignements personnels que nous recueillons lorsque vous naviguez sur notre site Web et comment nous utilisons ces donn\u00e9es.&nbsp;<\/p>\n\n\n\n<h2 class=\"wp-block-heading\">\u00c9changes automatiques d\u2019information&nbsp;<\/h2>\n\n\n\n<p>Pour que toutes les fonctions de navigation des sites Web de Agence Bridget Dechene Inc. (sous le nom de domaine agencebridgetdechene.com ) soient pleinement&nbsp;fonctionnelles, votre ordinateur et le serveur des sites \u00e9changent certaines informations de nature technique. Celles-ci sont fragment\u00e9es et ne permettent pas de vous identifier.&nbsp;<\/p>\n\n\n\n<p>Les fichiers t\u00e9moins sont de petits fichiers textes qui sont t\u00e9l\u00e9charg\u00e9s lorsque vous consultez certaines pages d\u2019un site et qui sont enregistr\u00e9s dans la m\u00e9moire de l\u2019appareil&nbsp;que vous utilisez.&nbsp;<\/p>\n\n\n\n<p>Des fichiers t\u00e9moins (commun\u00e9ment appel\u00e9s cookies) sont utilis\u00e9s pour mettre \u00e0 jour et optimiser nos sites Web en fonction de l\u2019utilisation que vous en faites et de vos besoins. Agence Bridget Dechene Inc. et ses fournisseurs ont recours \u00e0 la plateforme Google Analytics afin d\u2019analyser l\u2019utilisation des plateformes num\u00e9riques de Agence Bridget Dechene Inc. \u00e0 des fins statistiques et d\u2019am\u00e9lioration des sites. Les renseignements suivants sont recueillis au moyen d\u2019un fichier t\u00e9moin :&nbsp;<\/p>\n\n\n\n<ul class=\"wp-block-list\">\n<li>votre adresse IP ;&nbsp;<\/li>\n\n\n\n<li>votre fournisseur de services Internet ;&nbsp;<\/li>\n\n\n\n<li>le jour et l\u2019heure de d\u00e9but et de fin de la visite ;&nbsp;<\/li>\n\n\n\n<li>la langue du navigateur ;&nbsp;<\/li>\n\n\n\n<li>la r\u00e9gion ou la municipalit\u00e9, d\u00e9termin\u00e9e d\u2019apr\u00e8s l\u2019adresse IP ;&nbsp;<\/li>\n\n\n\n<li>le type et la version du navigateur ;&nbsp;<\/li>\n\n\n\n<li>le type et la version du syst\u00e8me d\u2019exploitation ;&nbsp;<\/li>\n\n\n\n<li>le type et le mod\u00e8le d\u2019appareil (t\u00e9l\u00e9phone, tablette ou ordinateur) ;&nbsp;<\/li>\n\n\n\n<li>le domaine du site pr\u00e9c\u00e9dent visit\u00e9 ;&nbsp;<\/li>\n\n\n\n<li>l\u2019adresse des pages visit\u00e9es sur les sites de Agence Bridget Dechene Inc. ;&nbsp;<\/li>\n\n\n\n<li>vos activit\u00e9s (p. ex. : clic, d\u00e9filement de l\u2019\u00e9cran) sur les sites de Agence Bridget Dechene Inc. ;&nbsp;<\/li>\n\n\n\n<li>le point d\u2019origine (banni\u00e8re, courriel, r\u00e9seau social, publication imprim\u00e9e, site Web d\u2019annonceur) de votre visite ;&nbsp;<\/li>\n\n\n\n<li>la r\u00e9solution d\u2019\u00e9cran de l\u2019appareil que vous utilisez.&nbsp;<\/li>\n<\/ul>\n\n\n\n<p>Ces renseignements peuvent \u00e9galement \u00eatre utilis\u00e9s par Agence Bridget Dechene Inc. et ses fournisseurs afin de concevoir, d\u2019am\u00e9liorer ou de commercialiser des produits et des services. Ils sont recueillis et conserv\u00e9s par Google sur des serveurs pouvant \u00eatre situ\u00e9s \u00e0 l\u2019ext\u00e9rieur du Canada. Toutefois, ces renseignements ne sont pas partag\u00e9s par&nbsp; Agence Bridget Dechene Inc. avec des parties externes. Vous pouvez g\u00e9rer les t\u00e9moins de navigation.&nbsp;<\/p>\n\n\n\n<p>Si vous le d\u00e9sirez, vous pouvez emp\u00eacher Google de recueillir les donn\u00e9es relatives \u00e0 votre utilisation des sites de Agence Bridget Dechene Inc. en <a href=\"https:\/\/tools.google.com\/dlpage\/gaoptout?hl=fr\" data-type=\"link\" data-id=\"https:\/\/tools.google.com\/dlpage\/gaoptout?hl=fr\" target=\"_blank\" rel=\"noreferrer noopener\">t\u00e9l\u00e9chargeant le module compl\u00e9mentaire pour votre navigateur qui d\u00e9sactive Google Analytics<\/a>.&nbsp;<\/p>\n\n\n\n<h2 class=\"wp-block-heading\">T\u00e9moins&nbsp;<\/h2>\n\n\n\n<p>Les fichiers t\u00e9moins (aussi appel\u00e9s t\u00e9moins et, en anglais, cookies) sont de petits fichiers textes enregistr\u00e9s sur votre ordinateur ou appareil mobile. Ils contiennent de l\u2019information sur le navigateur que vous utilisez et sur les pages que vous avez consult\u00e9es. Vous pouvez en tout temps <a href=\"https:\/\/support.google.com\/accounts\/answer\/61416?co=GENIE.Platform%3DDesktop&amp;hl=fr\" data-type=\"link\" data-id=\"https:\/\/support.google.com\/accounts\/answer\/61416?co=GENIE.Platform%3DDesktop&amp;hl=fr\" target=\"_blank\" rel=\"noreferrer noopener\">supprimer ou d\u00e9sactiver les t\u00e9moins depuis votre navigateur<\/a>.&nbsp;<\/p>\n\n\n\n<h2 class=\"wp-block-heading\">\u00c0 quoi servent les fichiers t\u00e9moins ?&nbsp;<\/h2>\n\n\n\n<p>Des fichiers t\u00e9moins sont couramment utilis\u00e9s par les sites Web. Ils permettent&nbsp;d\u2019accomplir diverses fonctions et se distinguent par leurs diff\u00e9rents r\u00f4les.&nbsp;<\/p>\n\n\n\n<p>Pour g\u00e9rer les t\u00e9moins de mani\u00e8re g\u00e9n\u00e9rale dans un navigateur particulier, consultez les pages suivantes :&nbsp;<\/p>\n\n\n\n<ul class=\"wp-block-list\">\n<li><a href=\"https:\/\/support.microsoft.com\/fr-fr\/windows\/supprimer-et-g%C3%A9rer-les-cookies-168dab11-0753-043d-7c16-ede5947fc64d\" data-type=\"link\" data-id=\"https:\/\/support.microsoft.com\/fr-fr\/windows\/supprimer-et-g%C3%A9rer-les-cookies-168dab11-0753-043d-7c16-ede5947fc64d\" target=\"_blank\" rel=\"noreferrer noopener\">Supprimer et g\u00e9rer les cookies dans Internet ExplorerMC&nbsp;<\/a><\/li>\n\n\n\n<li><a href=\"https:\/\/support.apple.com\/fr-fr\/guide\/safari\/sfri11471\/mac\" data-type=\"link\" data-id=\"https:\/\/support.apple.com\/fr-fr\/guide\/safari\/sfri11471\/mac\" target=\"_blank\" rel=\"noreferrer noopener\">G\u00e9rer les cookies et les donn\u00e9es de sites web dans SafariMC sur Mac&nbsp;<\/a><\/li>\n\n\n\n<li><a href=\"https:\/\/support.google.com\/accounts\/answer\/61416?hl=fr\" data-type=\"link\" data-id=\"https:\/\/support.google.com\/accounts\/answer\/61416?hl=fr\" target=\"_blank\" rel=\"noreferrer noopener\">Activer ou d\u00e9sactiver les cookies dans ChromeMC&nbsp;<\/a><\/li>\n\n\n\n<li><a href=\"https:\/\/support.mozilla.org\/fr\/kb\/protection-renforcee-contre-pistage-firefox-ordinateur?redirectslug=activer-desactiver-cookies-preferences&amp;redirectlocale=fr\" data-type=\"link\" data-id=\"https:\/\/support.mozilla.org\/fr\/kb\/protection-renforcee-contre-pistage-firefox-ordinateur?redirectslug=activer-desactiver-cookies-preferences&amp;redirectlocale=fr\" target=\"_blank\" rel=\"noreferrer noopener\">Autoriser et bloquer les cookies dans FirefoxMC&nbsp;<\/a><\/li>\n\n\n\n<li><a href=\"https:\/\/help.opera.com\/en\/latest\/web-preferences\/#cookies\" data-type=\"link\" data-id=\"https:\/\/help.opera.com\/en\/latest\/web-preferences\/#cookies\" target=\"_blank\" rel=\"noreferrer noopener\">How to clear browser cache\/history\/cookies in OperaMC&nbsp;<\/a><\/li>\n<\/ul>\n\n\n\n<p>Vous pouvez \u00e9galement g\u00e9rer de mani\u00e8re g\u00e9n\u00e9rale l\u2019enregistrement des t\u00e9moins en modifiant les param\u00e8tres de votre t\u00e9l\u00e9phone intelligent :&nbsp;<\/p>\n\n\n\n<ul class=\"wp-block-list\">\n<li><a href=\"https:\/\/support.apple.com\/fr-fr\/HT201265\" data-type=\"link\" data-id=\"https:\/\/support.apple.com\/fr-fr\/HT201265\" target=\"_blank\" rel=\"noreferrer noopener\">Effacer l\u2019historique et les cookies enregistr\u00e9s dans Safari sur votre iPhone, iPad ou iPod touch&nbsp;<\/a><\/li>\n\n\n\n<li><a href=\"https:\/\/support.google.com\/chrome\/?visit_id=638285750048233295-1172789066&amp;rd=2#topic=7438325\" data-type=\"link\" data-id=\"https:\/\/support.google.com\/chrome\/?visit_id=638285750048233295-1172789066&amp;rd=2#topic=7438325\" target=\"_blank\" rel=\"noreferrer noopener\">Supprimer votre historique et votre activit\u00e9 sur Android&nbsp;<\/a><\/li>\n<\/ul>\n\n\n\n<p>Pour g\u00e9rer les t\u00e9moins de mani\u00e8re particuli\u00e8re sur notre site Web, vous pouvez en tout temps en cliquant sir le bouton en bas de la page. Ces choix sont valides pour au plus 30 jours. Notez que cette gestion des t\u00e9moins de navigation est associ\u00e9e au navigateur et \u00e0 l\u2019appareil que vous utilisez, ainsi si vous utilisez un autre appareil ou un autre navigateur pour votre prochaine visite, le bandeau vous demandant de g\u00e9rer vos t\u00e9moins de navigation r\u00e9appara\u00eetra.&nbsp;<\/p>\n\n\n\n<h2 class=\"wp-block-heading\">T\u00e9moins fonctionnels (obligatoires)&nbsp;<\/h2>\n\n\n\n<p>Ces t\u00e9moins sont essentiels au bon fonctionnement de notre site Web; c\u2019est pourquoi vous ne pouvez pas les supprimer.&nbsp;<\/p>\n\n\n\n<p>Ils vous permettent :&nbsp;<\/p>\n\n\n\n<ul class=\"wp-block-list\">\n<li>d\u2019utiliser les principales fonctionnalit\u00e9s du site et de le s\u00e9curiser;&nbsp;<\/li>\n\n\n\n<li>de mettre en \u0153uvre des mesures de s\u00e9curit\u00e9;&nbsp;<\/li>\n<\/ul>\n\n\n\n<p>Les renseignements suivants sont notamment recueillis :&nbsp;<\/p>\n\n\n\n<ul class=\"wp-block-list\">\n<li>la langue utilis\u00e9e par le navigateur ;&nbsp;<\/li>\n\n\n\n<li>le type et la version du navigateur ;&nbsp;<\/li>\n\n\n\n<li>le type et la version du syst\u00e8me d\u2019exploitation ;&nbsp;<\/li>\n\n\n\n<li>le type et le mod\u00e8le d\u2019appareil (t\u00e9l\u00e9phone, tablette ou ordinateur) ;&nbsp;<\/li>\n\n\n\n<li>la r\u00e9solution de l\u2019\u00e9cran de l\u2019appareil que vous utilisez.&nbsp;<\/li>\n<\/ul>\n\n\n\n<figure class=\"wp-block-table\"><table><tbody><tr><td>Nom du t\u00e9moin&nbsp;<\/td><td>Utilisation<\/td><\/tr><tr><td>wpml_current_language&nbsp;<\/td><td>Ce cookie est utilis\u00e9 pour conna\u00eetre les pr\u00e9f\u00e9rences linguistiques de l&#8217;utilisateur.<\/td><\/tr><tr><td>wp-wpml_current_language&nbsp;<\/td><td>Ce cookie est utilis\u00e9 pour conna\u00eetre les pr\u00e9f\u00e9rences linguistiques de l&#8217;utilisateur.<\/td><\/tr><tr><td>_rubiskuit&nbsp;<\/td><td>Ce fichier t\u00e9moin est utilis\u00e9 pour conna\u00eetre les pr\u00e9f\u00e9rences de fichiers t\u00e9moins de l\u2019utilisateur.<\/td><\/tr><\/tbody><\/table><\/figure>\n\n\n\n<h2 class=\"wp-block-heading\">T\u00e9moins statistiques&nbsp;<\/h2>\n\n\n\n<p>Ces t\u00e9moins nous permettent de conna\u00eetre l\u2019utilisation qui est faite de nos sites et les performances de celui-ci, d\u2019en \u00e9tablir des statistiques d\u2019utilisation et de d\u00e9terminer les volumes de fr\u00e9quentation et d&#8217;utilisation des divers \u00e9l\u00e9ments composant nos sites (rubriques et contenus visit\u00e9s, parcours). Ces \u00e9l\u00e9ments nous permettant d\u2019am\u00e9liorer la pertinence et l\u2019ergonomie de nos services en vue de mieux r\u00e9pondre \u00e0 vos besoins.&nbsp;<\/p>\n\n\n\n<p>Les renseignements suivants sont notamment recueillis :&nbsp;<\/p>\n\n\n\n<ul class=\"wp-block-list\">\n<li>votre adresse IP ;&nbsp;<\/li>\n\n\n\n<li>votre emplacement g\u00e9ographique (r\u00e9gion d\u00e9riv\u00e9e de votre adresse IP) ;&nbsp;<\/li>\n\n\n\n<li>votre fournisseur de services Internet ;&nbsp;<\/li>\n\n\n\n<li>le jour et l\u2019heure de d\u00e9but et de fin de la visite ;&nbsp;<\/li>\n\n\n\n<li>le domaine du site pr\u00e9c\u00e9dent visit\u00e9 ;&nbsp;<\/li>\n\n\n\n<li>l\u2019adresse des pages visit\u00e9es sur les sites de Agence Bridget Dechene Inc. ;&nbsp;<\/li>\n\n\n\n<li>vos activit\u00e9s (p. ex. : clic, d\u00e9filement de l\u2019\u00e9cran) sur les sites de Agence Bridget Dechene Inc. ;&nbsp;<\/li>\n\n\n\n<li>le point d\u2019origine de votre visite (banni\u00e8re, courriel, r\u00e9seau social, site Web d\u2019un annonceur) ;&nbsp;<\/li>\n\n\n\n<li>vos recherches utilisant l\u2019outil int\u00e9gr\u00e9 \u00e0 nos sites.&nbsp;<\/li>\n<\/ul>\n\n\n\n<h2 class=\"wp-block-heading\">T\u00e9moins publicitaires&nbsp;<\/h2>\n\n\n\n<figure class=\"wp-block-table\"><table><tbody><tr><td>Nom du t\u00e9moin&nbsp;<\/td><td>Utilisation<\/td><\/tr><tr><td>1P_JAR<\/td><td>Cookie publicitaire Google utilis\u00e9 pour le suivi des utilisateurs et le ciblage des annonces.<\/td><\/tr><\/tbody><\/table><\/figure>\n\n\n\n<h2 class=\"wp-block-heading\">Contenu imbriqu\u00e9 d&#8217;autres sites web&nbsp;<\/h2>\n\n\n\n<p>Les articles de ce site peuvent inclure des contenus int\u00e9gr\u00e9s (par exemple des vid\u00e9os, images, articles, etc). Le contenu int\u00e9gr\u00e9 \u00e0 partir d\u2019autres sites se comporte de la m\u00eame mani\u00e8re que si le visiteur se rendait sur cet autre site.&nbsp;<\/p>\n\n\n\n<p>Ces sites web pourraient recueillir des donn\u00e9es sur vous, utiliser des t\u00e9moins, installer des outils de suivi tierce-partie ou suivre vos interactions avec ces contenus int\u00e9gr\u00e9s si vous disposez d\u2019un compte et \u00eates connect\u00e9 \u00e0 leur site web. Les contenus de ces sites, les liens qui y figurent, les modifications qui leur sont apport\u00e9es ainsi que les produits ou les services fournis sur ces sites ne sont en aucun cas approuv\u00e9s, contr\u00f4l\u00e9s ni autoris\u00e9s par&nbsp; Agence Bridget Dechene Inc. Celle\u2011ci ne peut \u00eatre tenue responsable de ce qui suit :&nbsp;<\/p>\n\n\n\n<ul class=\"wp-block-list\">\n<li>les contenus, produits ou services diffus\u00e9s sur les sites tiers ;&nbsp;<\/li>\n\n\n\n<li>la pr\u00e9sence d\u2019hyperliens non autoris\u00e9s sur ses Plateformes num\u00e9riques ;&nbsp;<\/li>\n\n\n\n<li>la contamination par des virus informatiques attribuable \u00e0 l\u2019utilisation des sites tiers ou une protection des donn\u00e9es d\u00e9ficiente dans ces sites ;&nbsp;<\/li>\n\n\n\n<li>la collecte de vos renseignements personnels ainsi que leur utilisation et leur&nbsp;communication sur ces sites.&nbsp;<\/li>\n<\/ul>\n\n\n\n<p>Agence Bridget Dechene Inc. peut modifier, ajouter ou supprimer en tout temps les hyperliens publi\u00e9s sur son site web.&nbsp;<\/p>\n\n\n\n<h2 class=\"wp-block-heading\">Avec qui partageons-nous vos donn\u00e9es&nbsp;<\/h2>\n\n\n\n<p>Vos donn\u00e9es sont partag\u00e9es avec :&nbsp;<\/p>\n\n\n\n<ul class=\"wp-block-list\">\n<li><a href=\"https:\/\/agencerubik.com\/\" data-type=\"link\" data-id=\"https:\/\/agencerubik.com\/\" target=\"_blank\" rel=\"noreferrer noopener\">Notre fournisseur web et marketing&nbsp;<\/a><\/li>\n\n\n\n<li>Unno Inc (Technicien informatique)\u00a0<\/li>\n<\/ul>\n\n\n\n<h2 class=\"wp-block-heading\">Pendant combien de temps vos donn\u00e9es sont-elles conserv\u00e9es ?&nbsp;<\/h2>\n\n\n\n<p>Pour les utilisateurs qui s\u2019enregistrent sur notre site (si cela est possible), nous conservons \u00e9galement les donn\u00e9es personnelles indiqu\u00e9es dans leur profil. Tous les utilisateurs peuvent voir, modifier ou supprimer leurs informations personnelles \u00e0 tout moment (\u00e0 l\u2019exception de leur nom d\u2019utilisateur). Les gestionnaires du site peuvent aussi voir et modifier ces informations.&nbsp;<\/p>\n\n\n\n<h2 class=\"wp-block-heading\">Quels sont vos droits sur vos donn\u00e9es ?&nbsp;<\/h2>\n\n\n\n<p>Vous pouvez demander \u00e0 recevoir un fichier contenant toutes les donn\u00e9es personnelles que nous poss\u00e9dons \u00e0 votre sujet, incluant celles que vous nous avez fournies. Vous pouvez \u00e9galement demander la suppression des donn\u00e9es personnelles vous concernant. Ceci ne prend pas en compte les donn\u00e9es conserv\u00e9es \u00e0 des fins administratives,&nbsp;l\u00e9gales,m\u00e9dicales ou pour des raisons de s\u00e9curit\u00e9.&nbsp;<\/p>\n\n\n\n<p>Pour toute demande en ce qui concerne vos donn\u00e9es personnelles, vous pouvez&nbsp;contacter :&nbsp;&nbsp;<\/p>\n\n\n\n<p>Bridget Dechene<br><a href=\"mailto:bridget@agencebridgetdechene.com\">bridget@agencebridgetdechene.com&nbsp;<br><\/a>514-374-9686<\/p>\n\n\n<div class=\"rb-change-wrap\">\n\t<div class=\"rb-btn rubiskuit-change squared\" style=\"background-color:#ee3450;\">\n\t\t<span style=\"color:#FFFFFF;\">Modifier mes pr\u00e9f\u00e9rences<\/span>\n\t<\/div>\n<\/div>\n","protected":false},"excerpt":{"rendered":"<p>Qui sommes-nous&nbsp; L&#8217;adresse de notre site web est : https:\/\/agencebridgetdechene.com\/&nbsp; Collecte des renseignements personnels&nbsp; Renseignements personnels recueillis&nbsp; Afin de b\u00e9n\u00e9ficier des services personnalis\u00e9s de Agence Bridget Dechene Inc.&nbsp;accessibles sur les Plateformes num\u00e9riques, vous devez nous fournir certains&nbsp;renseignements qui serviront \u00e0 vous identifier et \u00e0 confirmer votre identit\u00e9, sans quoi nous ne sommes pas en mesure [&hellip;]<\/p>\n","protected":false},"author":2,"featured_media":0,"parent":0,"menu_order":0,"comment_status":"closed","ping_status":"closed","template":"","meta":{"_acf_changed":false,"footnotes":""},"class_list":["post-29319","page","type-page","status-publish","hentry"],"acf":[],"_links":{"self":[{"href":"https:\/\/agencebridgetdechene.com\/en\/wp-json\/wp\/v2\/pages\/29319","targetHints":{"allow":["GET"]}}],"collection":[{"href":"https:\/\/agencebridgetdechene.com\/en\/wp-json\/wp\/v2\/pages"}],"about":[{"href":"https:\/\/agencebridgetdechene.com\/en\/wp-json\/wp\/v2\/types\/page"}],"author":[{"embeddable":true,"href":"https:\/\/agencebridgetdechene.com\/en\/wp-json\/wp\/v2\/users\/2"}],"replies":[{"embeddable":true,"href":"https:\/\/agencebridgetdechene.com\/en\/wp-json\/wp\/v2\/comments?post=29319"}],"version-history":[{"count":3,"href":"https:\/\/agencebridgetdechene.com\/en\/wp-json\/wp\/v2\/pages\/29319\/revisions"}],"predecessor-version":[{"id":29985,"href":"https:\/\/agencebridgetdechene.com\/en\/wp-json\/wp\/v2\/pages\/29319\/revisions\/29985"}],"wp:attachment":[{"href":"https:\/\/agencebridgetdechene.com\/en\/wp-json\/wp\/v2\/media?parent=29319"}],"curies":[{"name":"wp","href":"https:\/\/api.w.org\/{rel}","templated":true}]}}